{"id":2,"date":"2022-04-15T16:23:43","date_gmt":"2022-04-15T14:23:43","guid":{"rendered":"https:\/\/www.ferienheime-jaun.ch.beethoven.ch-meta.net\/?page_id=2"},"modified":"2023-07-02T17:34:42","modified_gmt":"2023-07-02T15:34:42","slug":"beispiel-seite","status":"publish","type":"page","link":"https:\/\/www.ferienheime-jaun.ch\/fr\/?page_id=2","title":{"rendered":"Mentions l\u00e9gales"},"content":{"rendered":"\n<h2 class=\"wp-block-heading\">Responsable du contenu :<\/h2>\n\n\n\n<div class=\"wp-block-columns is-layout-flex wp-container-core-columns-is-layout-9d6595d7 wp-block-columns-is-layout-flex\">\n<div class=\"wp-block-column is-layout-flow wp-block-column-is-layout-flow\">\n<p class=\"has-medium-font-size\"><strong>Ferienheim Jaun AG<\/strong><br>Dorfstrasse 9<br>CH-1656 Jaun<\/p>\n\n\n\n<p>T\u00e9l\u00e9phone :  +41 (0)26 929 84 69<br>E-Mail :  ferienheime.jaun@bluewin.ch<\/p>\n<\/div>\n\n\n\n<div class=\"wp-block-column is-layout-flow wp-block-column-is-layout-flow\">\n<p class=\"has-medium-font-size\"><strong>Le conseil d&#8217;administration :<\/strong><br><em>Patrick Ackermann<\/em> &#8211; pr\u00e9sident<br><em>Urs Hauswirth<\/em> &#8211; vice-pr\u00e9sident<br><em>Berthold Buchs<\/em> &#8211; directeur g\u00e9n\u00e9ral<br><em>Jakob Schuwey<\/em> &#8211; membre du conseil d&#8217;administration<\/p>\n<\/div>\n<\/div>\n\n\n\n<div style=\"height:65px\" aria-hidden=\"true\" class=\"wp-block-spacer\"><\/div>\n\n\n\n<h2 class=\"wp-block-heading\">Responsabilit\u00e9<\/h2>\n\n\n\n<p>L&#8217;exactitude des contenus publi\u00e9s a \u00e9t\u00e9 v\u00e9rifi\u00e9e avec le plus grand soin. Toutefois, aucune garantie ne peut \u00eatre donn\u00e9e quant \u00e0 l&#8217;exactitude, la pr\u00e9cision, l&#8217;actualit\u00e9, la fiabilit\u00e9 et l&#8217;exhaustivit\u00e9 du contenu des pr\u00e9sentes informations.<\/p>\n\n\n\n<p>Ferienheim Jaun AG se r\u00e9serve express\u00e9ment le droit de modifier, de supprimer ou de ne pas publier temporairement tout ou partie des contenus, et ce \u00e0 tout moment et sans pr\u00e9avis.<\/p>\n\n\n\n<p>Ferienheim Jaun AG ne saurait \u00eatre tenue pour responsable des dommages mat\u00e9riels ou immat\u00e9riels qui pourraient \u00eatre caus\u00e9s par l&#8217;acc\u00e8s aux informations diffus\u00e9es ou par leur utilisation ou non-utilisation, par le mauvais usage de la connexion ou par des probl\u00e8mes techniques.<\/p>\n\n\n\n<h2 class=\"wp-block-heading\">Renvois et liens<\/h2>\n\n\n\n<p>Les \u00e9ventuels renvois ou liens vers des sites Internet de tiers ne rel\u00e8vent pas de la responsabilit\u00e9 de Ferienheim Jaun AG et de ses responsables de contenu. L&#8217;acc\u00e8s et l&#8217;utilisation de sites Internet de tiers se font aux risques et p\u00e9rils de l&#8217;utilisateur ou de l&#8217;utilisatrice. Les contenus d&#8217;information, les offres, les prestations de service, etc. des sites Internet de tiers auxquels il est fait r\u00e9f\u00e9rence sont enti\u00e8rement sous la responsabilit\u00e9 du tiers concern\u00e9. Ferienheim Jaun AG et ses responsables de contenu d\u00e9clarent explicitement qu&#8217;ils n&#8217;ont aucune influence sur le contenu, les offres, etc. des sites auxquels ils renvoient. Nous d\u00e9clinons toute responsabilit\u00e9 pour les sites web de tiers.<\/p>\n\n\n\n<h2 class=\"wp-block-heading\">Droits d&#8217;auteur<\/h2>\n\n\n\n<p>Toutes les photos publi\u00e9es sont soumises aux droits d&#8217;auteur de Ferienheim Jaun AG. En cas d&#8217;int\u00e9r\u00eat pour une photo, il est n\u00e9cessaire de demander l&#8217;autorisation \u00e9crite de Ferienheim Jaun AG. Les noms de soci\u00e9t\u00e9s mentionn\u00e9s ou utilis\u00e9s sont la propri\u00e9t\u00e9 des soci\u00e9t\u00e9s cit\u00e9es et font l&#8217;objet de droits d&#8217;auteur des soci\u00e9t\u00e9s mentionn\u00e9es.<\/p>\n\n\n\n<div style=\"height:30px\" aria-hidden=\"true\" class=\"wp-block-spacer\"><\/div>\n\n\n\n<p><em>Cr\u00e9dits photographiques :<\/em><\/p>\n\n\n\n<p>Ferienheim Jaun AG<br>Office du Tourisme Jaun<br>Linus Buchs<br>Anton Rumo<\/p>\n","protected":false},"excerpt":{"rendered":"<p>Responsable du contenu : Ferienheim Jaun AGDorfstrasse 9CH-1656 Jaun T\u00e9l\u00e9phone : +41 (0)26 929 84 69E-Mail : ferienheime.jaun@bluewin.ch Le conseil d&#8217;administration :Patrick Ackermann &#8211; pr\u00e9sidentUrs Hauswirth &#8211; vice-pr\u00e9sidentBerthold Buchs &#8211; directeur g\u00e9n\u00e9ralJakob Schuwey &#8211; membre du conseil d&#8217;administration Responsabilit\u00e9 L&#8217;exactitude des contenus publi\u00e9s a \u00e9t\u00e9 v\u00e9rifi\u00e9e avec le plus grand soin. Toutefois, aucune garantie ne [&hellip;]<\/p>\n","protected":false},"author":1,"featured_media":0,"parent":0,"menu_order":992,"comment_status":"closed","ping_status":"open","template":"","meta":{"footnotes":""},"class_list":["post-2","page","type-page","status-publish","hentry"],"featured_image_src":null,"_links":{"self":[{"href":"https:\/\/www.ferienheime-jaun.ch\/fr\/index.php?rest_route=\/wp\/v2\/pages\/2","targetHints":{"allow":["GET"]}}],"collection":[{"href":"https:\/\/www.ferienheime-jaun.ch\/fr\/index.php?rest_route=\/wp\/v2\/pages"}],"about":[{"href":"https:\/\/www.ferienheime-jaun.ch\/fr\/index.php?rest_route=\/wp\/v2\/types\/page"}],"author":[{"embeddable":true,"href":"https:\/\/www.ferienheime-jaun.ch\/fr\/index.php?rest_route=\/wp\/v2\/users\/1"}],"replies":[{"embeddable":true,"href":"https:\/\/www.ferienheime-jaun.ch\/fr\/index.php?rest_route=%2Fwp%2Fv2%2Fcomments&post=2"}],"version-history":[{"count":0,"href":"https:\/\/www.ferienheime-jaun.ch\/fr\/index.php?rest_route=\/wp\/v2\/pages\/2\/revisions"}],"wp:attachment":[{"href":"https:\/\/www.ferienheime-jaun.ch\/fr\/index.php?rest_route=%2Fwp%2Fv2%2Fmedia&parent=2"}],"curies":[{"name":"wp","href":"https:\/\/api.w.org\/{rel}","templated":true}]}}