{"id":424,"date":"2022-07-24T11:03:22","date_gmt":"2022-07-24T09:03:22","guid":{"rendered":"https:\/\/www.ferienheime-jaun.ch\/?page_id=424"},"modified":"2026-03-25T20:45:32","modified_gmt":"2026-03-25T19:45:32","slug":"aktivitaeten-und-sport","status":"publish","type":"page","link":"https:\/\/www.ferienheime-jaun.ch\/fr\/?page_id=424","title":{"rendered":"Activit\u00e9s et sports"},"content":{"rendered":"\n<div class=\"wp-block-columns is-layout-flex wp-container-core-columns-is-layout-9d6595d7 wp-block-columns-is-layout-flex\">\n<div class=\"wp-block-column is-layout-flow wp-block-column-is-layout-flow\">\n<p class=\"has-text-align-center has-large-font-size\"><strong><em>Charmey Tourisme<\/em><\/strong><\/p>\n<\/div>\n\n\n\n<div class=\"wp-block-column is-layout-flow wp-block-column-is-layout-flow\">\n<p><strong>Packtage<\/strong> &#8211; Une offre exclusive de Charmey Tourisme avec un acc\u00e8s illimit\u00e9 \u00e0 un large choix d\u2019activit\u00e9s, \u00e0 un<br>tarif imbattable !<\/p>\n<\/div>\n\n\n\n<div class=\"wp-block-column is-layout-flow wp-block-column-is-layout-flow\">\n<figure class=\"wp-block-image size-full\"><a href=\"https:\/\/www.ferienheime-jaun.ch\/fr\/wp-content\/uploads\/2026\/03\/Packtage_FR.pdf\" target=\"_blank\" rel=\" noreferrer noopener\"><img fetchpriority=\"high\" decoding=\"async\" width=\"636\" height=\"796\" src=\"https:\/\/www.ferienheime-jaun.ch\/fr\/wp-content\/uploads\/2026\/03\/Angebot-Packtage-Francais.jpg\" alt=\"\" class=\"wp-image-1530\" title=\"T\u00e9l\u00e9charger l'offre et les d\u00e9tails ...\" srcset=\"https:\/\/www.ferienheime-jaun.ch\/fr\/wp-content\/uploads\/2026\/03\/Angebot-Packtage-Francais.jpg 636w, https:\/\/www.ferienheime-jaun.ch\/fr\/wp-content\/uploads\/2026\/03\/Angebot-Packtage-Francais-479x600.jpg 479w\" sizes=\"(max-width: 636px) 100vw, 636px\" \/><\/a><\/figure>\n<\/div>\n<\/div>\n\n\n\n<div class=\"wp-block-columns is-layout-flex wp-container-core-columns-is-layout-9d6595d7 wp-block-columns-is-layout-flex\">\n<div class=\"wp-block-column is-layout-flow wp-block-column-is-layout-flow\"><div class=\"wp-block-image\">\n<figure class=\"aligncenter size-full\"><a href=\"https:\/\/www.fribourgregion.ch\/de\/la-gruyere\/\" target=\"_blank\" rel=\"noreferrer noopener\"><img decoding=\"async\" width=\"300\" height=\"90\" src=\"https:\/\/www.ferienheime-jaun.ch\/wp-content\/uploads\/2023\/03\/logo_gruyere-region.jpg\" alt=\"\" class=\"wp-image-1079\"\/><\/a><\/figure>\n<\/div>\n\n\n<p class=\"has-text-align-center has-medium-font-size\"><a rel=\"noreferrer noopener\" href=\"https:\/\/www.fribourgregion.ch\/de\/la-gruyere\/\" target=\"_blank\">Jaun et Region La Gruy\u00e8re<\/a><\/p>\n<\/div>\n\n\n\n<div class=\"wp-block-column is-layout-flow wp-block-column-is-layout-flow\">\n<p class=\"has-text-align-center has-medium-font-size\"><strong>Possibilit\u00e9s d&#8217;occupations, activit\u00e9s, sports, randonn\u00e9es, excursions, etc.<\/strong><\/p>\n\n\n\n<ul class=\"wp-block-list\">\n<li>paradis de randonn\u00e9es \u00e0 Jaun<\/li>\n\n\n\n<li>sports d&#8217;hiver \u00e0 Jaun<\/li>\n\n\n\n<li>activit\u00e9s indoor<\/li>\n\n\n\n<li>piscine et bain th\u00e9rmal \u00e0 Charmey<\/li>\n\n\n\n<li>piscine ext\u00e9rieure \u00e0 Broc<\/li>\n\n\n\n<li>mus\u00e9es dans la r\u00e9gion<\/li>\n\n\n\n<li>sites historiques<\/li>\n\n\n\n<li>t\u00e9l\u00e9si\u00e8ges \u00e0 Jaun, Charmey, Mol\u00e9son, La Berra<\/li>\n\n\n\n<li>et beaucoup plus&#8230;<\/li>\n<\/ul>\n<\/div>\n\n\n\n<div class=\"wp-block-column is-layout-flow wp-block-column-is-layout-flow\">\n<figure class=\"wp-block-image size-full\"><a href=\"https:\/\/www.ferienheime-jaun.ch\/wp-content\/uploads\/2023\/03\/bild_region-gruyere-jaun.jpg\" target=\"_blank\" rel=\"noreferrer noopener\"><img decoding=\"async\" width=\"848\" height=\"586\" src=\"https:\/\/www.ferienheime-jaun.ch\/wp-content\/uploads\/2023\/03\/bild_region-gruyere-jaun.jpg\" alt=\"\" class=\"wp-image-1081\" srcset=\"https:\/\/www.ferienheime-jaun.ch\/fr\/wp-content\/uploads\/2023\/03\/bild_region-gruyere-jaun.jpg 848w, https:\/\/www.ferienheime-jaun.ch\/fr\/wp-content\/uploads\/2023\/03\/bild_region-gruyere-jaun-600x415.jpg 600w, https:\/\/www.ferienheime-jaun.ch\/fr\/wp-content\/uploads\/2023\/03\/bild_region-gruyere-jaun-768x531.jpg 768w\" sizes=\"(max-width: 848px) 100vw, 848px\" \/><\/a><\/figure>\n<\/div>\n<\/div>\n\n\n\n<div class=\"wp-block-columns is-layout-flex wp-container-core-columns-is-layout-9d6595d7 wp-block-columns-is-layout-flex\">\n<div class=\"wp-block-column is-layout-flow wp-block-column-is-layout-flow\"><div class=\"wp-block-image\">\n<figure class=\"aligncenter size-full\"><img loading=\"lazy\" decoding=\"async\" width=\"459\" height=\"110\" src=\"https:\/\/www.ferienheime-jaun.ch\/wp-content\/uploads\/2023\/03\/logo_fribourg-region.png\" alt=\"\" class=\"wp-image-1063\"\/><\/figure>\n<\/div>\n\n\n<p class=\"has-text-align-center has-medium-font-size\">Propositions de randonn\u00e9es <a rel=\"noreferrer noopener\" href=\"https:\/\/www.fribourgregion.ch\/de\/la-gruyere\/gruppen\/wanderungen-jaun\/?r=9234\" target=\"_blank\">Fribourg Region<\/a><\/p>\n<\/div>\n\n\n\n<div class=\"wp-block-column is-layout-flow wp-block-column-is-layout-flow\">\n<p class=\"has-text-align-center has-medium-font-size\"><strong>Jaun et les environs<\/strong><\/p>\n\n\n\n<p class=\"has-text-align-center\">une magnifique r\u00e9gion de randonn\u00e9es tr\u00e8s vari\u00e9e <\/p>\n<\/div>\n\n\n\n<div class=\"wp-block-column is-layout-flow wp-block-column-is-layout-flow\">\n<figure class=\"wp-block-image size-full\"><a href=\"https:\/\/www.fribourgregion.ch\/de\/la-gruyere\/gruppen\/wanderungen-jaun\/?r=9234\" target=\"_blank\" rel=\"noreferrer noopener\"><img loading=\"lazy\" decoding=\"async\" width=\"600\" height=\"399\" src=\"https:\/\/www.ferienheime-jaun.ch\/wp-content\/uploads\/2023\/03\/wandern1.png\" alt=\"\" class=\"wp-image-1057\"\/><\/a><\/figure>\n<\/div>\n<\/div>\n\n\n\n<div class=\"wp-block-columns is-layout-flex wp-container-core-columns-is-layout-9d6595d7 wp-block-columns-is-layout-flex\">\n<div class=\"wp-block-column is-layout-flow wp-block-column-is-layout-flow\"><div class=\"wp-block-image\">\n<figure class=\"aligncenter size-full\"><a href=\"https:\/\/www.ferienheime-jaun.ch\/wp-content\/uploads\/2023\/03\/Jaun-Wanderung-rund-um-Jaun.pdf\" target=\"_blank\" rel=\"noreferrer noopener\"><img loading=\"lazy\" decoding=\"async\" width=\"380\" height=\"200\" src=\"https:\/\/www.ferienheime-jaun.ch\/wp-content\/uploads\/2023\/03\/logo_jaun-im-fang.png\" alt=\"\" class=\"wp-image-1121\"\/><\/a><\/figure>\n<\/div><\/div>\n\n\n\n<div class=\"wp-block-column is-layout-flow wp-block-column-is-layout-flow\">\n<p class=\"has-text-align-center\">Randonn\u00e9e autour de Jaun, visite de la ruine de Bellegarde. <\/p>\n<\/div>\n\n\n\n<div class=\"wp-block-column is-layout-flow wp-block-column-is-layout-flow\">\n<figure class=\"wp-block-image size-full\"><a href=\"https:\/\/www.ferienheime-jaun.ch\/wp-content\/uploads\/2023\/03\/Jaun-Wanderung-rund-um-Jaun.pdf\" target=\"_blank\" rel=\"noreferrer noopener\"><img loading=\"lazy\" decoding=\"async\" width=\"600\" height=\"351\" src=\"https:\/\/www.ferienheime-jaun.ch\/wp-content\/uploads\/2023\/03\/bild_rund-um-jaun.png\" alt=\"\" class=\"wp-image-1123\"\/><\/a><\/figure>\n<\/div>\n<\/div>\n\n\n\n<div class=\"wp-block-columns is-layout-flex wp-container-core-columns-is-layout-9d6595d7 wp-block-columns-is-layout-flex\">\n<div class=\"wp-block-column is-layout-flow wp-block-column-is-layout-flow\"><div class=\"wp-block-image\">\n<figure class=\"aligncenter size-full\"><img loading=\"lazy\" decoding=\"async\" width=\"167\" height=\"149\" src=\"https:\/\/www.ferienheime-jaun.ch\/wp-content\/uploads\/2023\/03\/logo_outdooractive.png\" alt=\"\" class=\"wp-image-1067\"\/><\/figure>\n<\/div>\n\n\n<p class=\"has-text-align-center has-medium-font-size\">Propositions de randonn\u00e9es <a rel=\"noreferrer noopener\" href=\"https:\/\/www.outdooractive.com\/de\/wanderungen\/jaun\/wanderungen-in-jaun\/1470168\/\" target=\"_blank\">Outdooractive<\/a><\/p>\n<\/div>\n\n\n\n<div class=\"wp-block-column is-layout-flow wp-block-column-is-layout-flow\">\n<p class=\"has-text-align-center\">Les 10 plus belles randonn\u00e9es \u00e0 Jaun et dans ses environs.<\/p>\n<\/div>\n\n\n\n<div class=\"wp-block-column is-layout-flow wp-block-column-is-layout-flow\">\n<figure class=\"wp-block-image size-full\"><a href=\"https:\/\/www.outdooractive.com\/de\/wanderungen\/jaun\/wanderungen-in-jaun\/1470168\/\" target=\"_blank\" rel=\"noreferrer noopener\"><img loading=\"lazy\" decoding=\"async\" width=\"600\" height=\"401\" src=\"https:\/\/www.ferienheime-jaun.ch\/wp-content\/uploads\/2023\/03\/wandern2.png\" alt=\"\" class=\"wp-image-1059\"\/><\/a><\/figure>\n<\/div>\n<\/div>\n\n\n\n<div class=\"wp-block-columns is-layout-flex wp-container-core-columns-is-layout-9d6595d7 wp-block-columns-is-layout-flex\">\n<div class=\"wp-block-column is-layout-flow wp-block-column-is-layout-flow\"><div class=\"wp-block-image\">\n<figure class=\"aligncenter size-full\"><img loading=\"lazy\" decoding=\"async\" width=\"276\" height=\"96\" src=\"https:\/\/www.ferienheime-jaun.ch\/wp-content\/uploads\/2023\/03\/logo_gruyere-parque-naturel.png\" alt=\"\" class=\"wp-image-1070\"\/><figcaption class=\"wp-element-caption\"><a rel=\"noreferrer noopener\" href=\"https:\/\/www.gruyerepaysdenhaut.ch\/de\/\" target=\"_blank\">Parque Naturel R\u00e9gional Gruy\u00e8re &#8211; Pays d&#8217;Enhaut<\/a><\/figcaption><\/figure>\n<\/div><\/div>\n\n\n\n<div class=\"wp-block-column is-layout-flow wp-block-column-is-layout-flow\">\n<p class=\"has-text-align-center\">Parque naturel r\u00e9gional Gruy\u00e8re &#8211; Pays d&#8217;Enhaut avec plein des propositions de randonn\u00e9es et excursions.<\/p>\n<\/div>\n\n\n\n<div class=\"wp-block-column is-layout-flow wp-block-column-is-layout-flow\">\n<figure class=\"wp-block-image size-full\"><a href=\"https:\/\/www.gruyerepaysdenhaut.ch\/de\/\" target=\"_blank\" rel=\"noreferrer noopener\"><img loading=\"lazy\" decoding=\"async\" width=\"679\" height=\"449\" src=\"https:\/\/www.ferienheime-jaun.ch\/wp-content\/uploads\/2023\/03\/bild_gruyere-parque-regional.png\" alt=\"\" class=\"wp-image-1071\" srcset=\"https:\/\/www.ferienheime-jaun.ch\/fr\/wp-content\/uploads\/2023\/03\/bild_gruyere-parque-regional.png 679w, https:\/\/www.ferienheime-jaun.ch\/fr\/wp-content\/uploads\/2023\/03\/bild_gruyere-parque-regional-600x397.png 600w\" sizes=\"(max-width: 679px) 100vw, 679px\" \/><\/a><\/figure>\n<\/div>\n<\/div>\n\n\n\n<div class=\"wp-block-columns is-layout-flex wp-container-core-columns-is-layout-9d6595d7 wp-block-columns-is-layout-flex\">\n<div class=\"wp-block-column is-layout-flow wp-block-column-is-layout-flow\"><div class=\"wp-block-image\">\n<figure class=\"aligncenter size-full is-resized\"><a href=\"https:\/\/cailler.ch\/de\" target=\"_blank\" rel=\"noreferrer noopener\"><img loading=\"lazy\" decoding=\"async\" width=\"600\" height=\"351\" src=\"https:\/\/www.ferienheime-jaun.ch\/wp-content\/uploads\/2023\/03\/logo_chocolat-cailler.png\" alt=\"\" class=\"wp-image-1190\" style=\"width:-62px;height:-36px\"\/><\/a><\/figure>\n<\/div><\/div>\n\n\n\n<div class=\"wp-block-column is-layout-flow wp-block-column-is-layout-flow\">\n<p class=\"has-text-align-center has-medium-font-size\"><strong>Fabrique de chocolats Cailler \u00e0 Broc<\/strong><\/p>\n\n\n\n<p class=\"has-text-align-center\">Exp\u00e9riences inoubliables lors de la visite de la chocolaterie, d\u00e9couverte des cr\u00e9ations chocolat\u00e9es les plus raffin\u00e9es, recettes, ateliers, etc.  <\/p>\n<\/div>\n\n\n\n<div class=\"wp-block-column is-layout-flow wp-block-column-is-layout-flow\">\n<figure class=\"wp-block-image size-full\"><a href=\"https:\/\/cailler.ch\/de\" target=\"_blank\" rel=\"noreferrer noopener\"><img loading=\"lazy\" decoding=\"async\" width=\"600\" height=\"437\" src=\"https:\/\/www.ferienheime-jaun.ch\/wp-content\/uploads\/2023\/03\/bild_cailler.jpg\" alt=\"\" class=\"wp-image-1076\"\/><\/a><\/figure>\n<\/div>\n<\/div>\n\n\n\n<div class=\"wp-block-columns is-layout-flex wp-container-core-columns-is-layout-9d6595d7 wp-block-columns-is-layout-flex\">\n<div class=\"wp-block-column is-layout-flow wp-block-column-is-layout-flow\"><div class=\"wp-block-image\">\n<figure class=\"aligncenter size-full is-resized\"><a href=\"https:\/\/www.electrobroc.ch\/de\" target=\"_blank\" rel=\"noreferrer noopener\"><img loading=\"lazy\" decoding=\"async\" width=\"1897\" height=\"216\" src=\"https:\/\/www.ferienheime-jaun.ch\/wp-content\/uploads\/2023\/03\/logo_electro-broc.png\" alt=\"\" class=\"wp-image-1187\" style=\"width:308px;height:35px\" srcset=\"https:\/\/www.ferienheime-jaun.ch\/fr\/wp-content\/uploads\/2023\/03\/logo_electro-broc.png 1897w, https:\/\/www.ferienheime-jaun.ch\/fr\/wp-content\/uploads\/2023\/03\/logo_electro-broc-600x68.png 600w, https:\/\/www.ferienheime-jaun.ch\/fr\/wp-content\/uploads\/2023\/03\/logo_electro-broc-768x87.png 768w, https:\/\/www.ferienheime-jaun.ch\/fr\/wp-content\/uploads\/2023\/03\/logo_electro-broc-1536x175.png 1536w\" sizes=\"(max-width: 1897px) 100vw, 1897px\" \/><\/a><\/figure>\n<\/div><\/div>\n\n\n\n<div class=\"wp-block-column is-layout-flow wp-block-column-is-layout-flow\">\n<p class=\"has-text-align-center has-medium-font-size\"><strong>Electrobroc \u00e0 Broc<\/strong><\/p>\n\n\n\n<p class=\"has-text-align-center\">Visite de la production d&#8217;\u00e9nergie<br>Visites de barrages<br>Randonn\u00e9es le long des lacs de barrage<br>Circuits historiques<br>Une multitude de d\u00e9couvertes<\/p>\n<\/div>\n\n\n\n<div class=\"wp-block-column is-layout-flow wp-block-column-is-layout-flow\">\n<figure class=\"wp-block-image size-full\"><a href=\"https:\/\/www.electrobroc.ch\/de\" target=\"_blank\" rel=\"noreferrer noopener\"><img loading=\"lazy\" decoding=\"async\" width=\"1136\" height=\"778\" src=\"https:\/\/www.ferienheime-jaun.ch\/wp-content\/uploads\/2023\/03\/bild_electrobroc.jpg\" alt=\"\" class=\"wp-image-1186\" srcset=\"https:\/\/www.ferienheime-jaun.ch\/fr\/wp-content\/uploads\/2023\/03\/bild_electrobroc.jpg 1136w, https:\/\/www.ferienheime-jaun.ch\/fr\/wp-content\/uploads\/2023\/03\/bild_electrobroc-600x411.jpg 600w, https:\/\/www.ferienheime-jaun.ch\/fr\/wp-content\/uploads\/2023\/03\/bild_electrobroc-768x526.jpg 768w\" sizes=\"(max-width: 1136px) 100vw, 1136px\" \/><\/a><\/figure>\n<\/div>\n<\/div>\n\n\n\n<div class=\"wp-block-columns is-layout-flex wp-container-core-columns-is-layout-9d6595d7 wp-block-columns-is-layout-flex\">\n<div class=\"wp-block-column is-layout-flow wp-block-column-is-layout-flow\"><div class=\"wp-block-image\">\n<figure class=\"aligncenter size-full is-resized\"><a href=\"https:\/\/www.charmeyaventures.ch\/?lang=de\" target=\"_blank\" rel=\"noreferrer noopener\"><img loading=\"lazy\" decoding=\"async\" width=\"1594\" height=\"348\" src=\"https:\/\/www.ferienheime-jaun.ch\/wp-content\/uploads\/2023\/03\/logo_charmey-aventures.png\" alt=\"\" class=\"wp-image-1175\" style=\"width:343px;height:75px\" srcset=\"https:\/\/www.ferienheime-jaun.ch\/fr\/wp-content\/uploads\/2023\/03\/logo_charmey-aventures.png 1594w, https:\/\/www.ferienheime-jaun.ch\/fr\/wp-content\/uploads\/2023\/03\/logo_charmey-aventures-600x131.png 600w, https:\/\/www.ferienheime-jaun.ch\/fr\/wp-content\/uploads\/2023\/03\/logo_charmey-aventures-768x168.png 768w, https:\/\/www.ferienheime-jaun.ch\/fr\/wp-content\/uploads\/2023\/03\/logo_charmey-aventures-1536x335.png 1536w\" sizes=\"(max-width: 1594px) 100vw, 1594px\" \/><\/a><\/figure>\n<\/div><\/div>\n\n\n\n<div class=\"wp-block-column is-layout-flow wp-block-column-is-layout-flow\">\n<p class=\"has-text-align-center has-medium-font-size\"><strong>Parque d&#8217;aventures \u00e0 Charmey<\/strong><\/p>\n\n\n\n<p class=\"has-text-align-center\">Parc d&#8217;escalade<br>Tyroliennes<br>Chasse au tr\u00e9sor<br>Quickjump<br>Mur d&#8217;escalade<br>Trottinette<\/p>\n<\/div>\n\n\n\n<div class=\"wp-block-column is-layout-flow wp-block-column-is-layout-flow\">\n<figure class=\"wp-block-image size-full\"><a href=\"https:\/\/www.charmeyaventures.ch\/?lang=de\" target=\"_blank\" rel=\"noreferrer noopener\"><img loading=\"lazy\" decoding=\"async\" width=\"600\" height=\"416\" src=\"https:\/\/www.ferienheime-jaun.ch\/wp-content\/uploads\/2023\/03\/bild-charmey-aventures_600.jpg\" alt=\"\" class=\"wp-image-1177\"\/><\/a><\/figure>\n<\/div>\n<\/div>\n\n\n\n<div class=\"wp-block-columns is-layout-flex wp-container-core-columns-is-layout-9d6595d7 wp-block-columns-is-layout-flex\">\n<div class=\"wp-block-column is-layout-flow wp-block-column-is-layout-flow\"><div class=\"wp-block-image\">\n<figure class=\"aligncenter size-full is-resized\"><a href=\"https:\/\/www.bainsdelagruyere.ch\/de\" target=\"_blank\" rel=\"noreferrer noopener\"><img loading=\"lazy\" decoding=\"async\" width=\"323\" height=\"128\" src=\"https:\/\/www.ferienheime-jaun.ch\/wp-content\/uploads\/2023\/03\/logo_bains-de-la-gruyere.png\" alt=\"\" class=\"wp-image-1160\" style=\"width:220px;height:87px\"\/><\/a><\/figure>\n<\/div><\/div>\n\n\n\n<div class=\"wp-block-column is-layout-flow wp-block-column-is-layout-flow\">\n<p class=\"has-text-align-center\">Bain thermal \u00e0 Charmey<\/p>\n\n\n\n<p class=\"has-text-align-center\">Les Bains de la Gruy\u00e8re \u00e0 Charmey<br><br><br><\/p>\n<\/div>\n\n\n\n<div class=\"wp-block-column is-layout-flow wp-block-column-is-layout-flow\">\n<figure class=\"wp-block-image size-full\"><a href=\"https:\/\/www.bainsdelagruyere.ch\/de\" target=\"_blank\" rel=\"noreferrer noopener\"><img loading=\"lazy\" decoding=\"async\" width=\"600\" height=\"399\" src=\"https:\/\/www.ferienheime-jaun.ch\/wp-content\/uploads\/2023\/03\/bains-de-la-gruyere_600.jpg\" alt=\"\" class=\"wp-image-1161\"\/><\/a><\/figure>\n<\/div>\n<\/div>\n\n\n\n<div class=\"wp-block-columns is-layout-flex wp-container-core-columns-is-layout-9d6595d7 wp-block-columns-is-layout-flex\">\n<div class=\"wp-block-column is-layout-flow wp-block-column-is-layout-flow\"><div class=\"wp-block-image\">\n<figure class=\"aligncenter size-full is-resized\"><a href=\"https:\/\/www.fribourgregion.ch\/de\/la-gruyere\/schwimmbaeder-wellness\/hallenbad-in-charmey\/\" target=\"_blank\" rel=\"noreferrer noopener\"><img loading=\"lazy\" decoding=\"async\" width=\"400\" height=\"115\" src=\"https:\/\/www.ferienheime-jaun.ch\/wp-content\/uploads\/2023\/03\/logo-vd_charmey_400.jpg\" alt=\"\" class=\"wp-image-1091\" style=\"width:216px;height:62px\"\/><\/a><\/figure>\n<\/div><\/div>\n\n\n\n<div class=\"wp-block-column is-layout-flow wp-block-column-is-layout-flow\">\n<p class=\"has-text-align-center\">Piscine au centre des sports \u00e0 Charmey<\/p>\n<\/div>\n\n\n\n<div class=\"wp-block-column is-layout-flow wp-block-column-is-layout-flow\">\n<figure class=\"wp-block-image size-full\"><a href=\"https:\/\/www.fribourgregion.ch\/de\/la-gruyere\/schwimmbaeder-wellness\/hallenbad-in-charmey\/\" target=\"_blank\" rel=\"noreferrer noopener\"><img loading=\"lazy\" decoding=\"async\" width=\"600\" height=\"338\" src=\"https:\/\/www.ferienheime-jaun.ch\/wp-content\/uploads\/2023\/03\/hallenbad-charmey.png\" alt=\"\" class=\"wp-image-1092\"\/><\/a><\/figure>\n<\/div>\n<\/div>\n\n\n\n<div class=\"wp-block-columns is-layout-flex wp-container-core-columns-is-layout-9d6595d7 wp-block-columns-is-layout-flex\">\n<div class=\"wp-block-column is-layout-flow wp-block-column-is-layout-flow\"><div class=\"wp-block-image\">\n<figure class=\"aligncenter size-full is-resized\"><img loading=\"lazy\" decoding=\"async\" width=\"392\" height=\"138\" src=\"https:\/\/www.ferienheime-jaun.ch\/wp-content\/uploads\/2023\/03\/logo_cmn_broc.png\" alt=\"\" class=\"wp-image-1097\" style=\"width:191px;height:66px\"\/><\/figure>\n<\/div><\/div>\n\n\n\n<div class=\"wp-block-column is-layout-flow wp-block-column-is-layout-flow\">\n<p class=\"has-text-align-center\">Piscine exterieure \u00e0 Broc<\/p>\n<\/div>\n\n\n\n<div class=\"wp-block-column is-layout-flow wp-block-column-is-layout-flow\">\n<figure class=\"wp-block-image size-full\"><a href=\"https:\/\/www.broc.ch\/activites-et-tourisme\/loisirs-et-sport\/piscine-communale\" target=\"_blank\" rel=\"noreferrer noopener\"><img loading=\"lazy\" decoding=\"async\" width=\"480\" height=\"303\" src=\"https:\/\/www.ferienheime-jaun.ch\/wp-content\/uploads\/2023\/03\/photo_piscine-de-broc-1.jpeg\" alt=\"\" class=\"wp-image-1099\"\/><\/a><\/figure>\n<\/div>\n<\/div>\n","protected":false},"excerpt":{"rendered":"<p>Charmey Tourisme Packtage &#8211; Une offre exclusive de Charmey Tourisme avec un acc\u00e8s illimit\u00e9 \u00e0 un large choix d\u2019activit\u00e9s, \u00e0 untarif imbattable ! Jaun et Region La Gruy\u00e8re Possibilit\u00e9s d&#8217;occupations, activit\u00e9s, sports, randonn\u00e9es, excursions, etc. Propositions de randonn\u00e9es Fribourg Region Jaun et les environs une magnifique r\u00e9gion de randonn\u00e9es tr\u00e8s vari\u00e9e Randonn\u00e9e autour de Jaun, [&hellip;]<\/p>\n","protected":false},"author":1,"featured_media":0,"parent":0,"menu_order":600,"comment_status":"closed","ping_status":"closed","template":"","meta":{"footnotes":""},"class_list":["post-424","page","type-page","status-publish","hentry"],"featured_image_src":null,"_links":{"self":[{"href":"https:\/\/www.ferienheime-jaun.ch\/fr\/index.php?rest_route=\/wp\/v2\/pages\/424","targetHints":{"allow":["GET"]}}],"collection":[{"href":"https:\/\/www.ferienheime-jaun.ch\/fr\/index.php?rest_route=\/wp\/v2\/pages"}],"about":[{"href":"https:\/\/www.ferienheime-jaun.ch\/fr\/index.php?rest_route=\/wp\/v2\/types\/page"}],"author":[{"embeddable":true,"href":"https:\/\/www.ferienheime-jaun.ch\/fr\/index.php?rest_route=\/wp\/v2\/users\/1"}],"replies":[{"embeddable":true,"href":"https:\/\/www.ferienheime-jaun.ch\/fr\/index.php?rest_route=%2Fwp%2Fv2%2Fcomments&post=424"}],"version-history":[{"count":2,"href":"https:\/\/www.ferienheime-jaun.ch\/fr\/index.php?rest_route=\/wp\/v2\/pages\/424\/revisions"}],"predecessor-version":[{"id":1534,"href":"https:\/\/www.ferienheime-jaun.ch\/fr\/index.php?rest_route=\/wp\/v2\/pages\/424\/revisions\/1534"}],"wp:attachment":[{"href":"https:\/\/www.ferienheime-jaun.ch\/fr\/index.php?rest_route=%2Fwp%2Fv2%2Fmedia&parent=424"}],"curies":[{"name":"wp","href":"https:\/\/api.w.org\/{rel}","templated":true}]}}