{"id":43,"date":"2022-06-15T17:11:49","date_gmt":"2022-06-15T15:11:49","guid":{"rendered":"https:\/\/www.ferienheime-jaun.ch\/?page_id=43"},"modified":"2023-07-02T15:24:42","modified_gmt":"2023-07-02T13:24:42","slug":"jaun-und-umgebung-im-sommer","status":"publish","type":"page","link":"https:\/\/www.ferienheime-jaun.ch\/fr\/?page_id=43","title":{"rendered":"Jaun et son environnement en \u00e9t\u00e9"},"content":{"rendered":"\n<div class=\"wp-block-columns is-layout-flex wp-container-core-columns-is-layout-9d6595d7 wp-block-columns-is-layout-flex\">\n<div class=\"wp-block-column is-layout-flow wp-block-column-is-layout-flow\">\n<figure class=\"wp-block-image size-full\"><img fetchpriority=\"high\" decoding=\"async\" width=\"600\" height=\"335\" src=\"https:\/\/www.ferienheime-jaun.ch\/wp-content\/uploads\/2023\/02\/Sommerbild.jpg\" alt=\"\" class=\"wp-image-931\"\/><\/figure>\n<\/div>\n\n\n\n<div class=\"wp-block-column is-layout-flow wp-block-column-is-layout-flow\">\n<p class=\"has-text-align-center has-medium-font-size\">Carte d&#8217;\u00e9t\u00e9, installations et offres<\/p>\n<\/div>\n\n\n\n<div class=\"wp-block-column is-layout-flow wp-block-column-is-layout-flow\">\n<figure class=\"wp-block-image size-full\"><a href=\"https:\/\/www.ferienheime-jaun.ch\/wp-content\/uploads\/2023\/02\/Ferienheime-Jaun_Sommerkarte.pdf\" target=\"_blank\" rel=\"noreferrer noopener\"><img decoding=\"async\" width=\"629\" height=\"629\" src=\"https:\/\/www.ferienheime-jaun.ch\/wp-content\/uploads\/2023\/02\/Jaun_Sommerkarte.jpg\" alt=\"\" class=\"wp-image-929\" srcset=\"https:\/\/www.ferienheime-jaun.ch\/fr\/wp-content\/uploads\/2023\/02\/Jaun_Sommerkarte.jpg 629w, https:\/\/www.ferienheime-jaun.ch\/fr\/wp-content\/uploads\/2023\/02\/Jaun_Sommerkarte-600x600.jpg 600w, https:\/\/www.ferienheime-jaun.ch\/fr\/wp-content\/uploads\/2023\/02\/Jaun_Sommerkarte-150x150.jpg 150w\" sizes=\"(max-width: 629px) 100vw, 629px\" \/><\/a><\/figure>\n<\/div>\n<\/div>\n\n\n\n<div class=\"wp-block-columns is-layout-flex wp-container-core-columns-is-layout-9d6595d7 wp-block-columns-is-layout-flex\">\n<div class=\"wp-block-column is-layout-flow wp-block-column-is-layout-flow\"><div class=\"wp-block-image\">\n<figure class=\"aligncenter size-full\"><a href=\"https:\/\/www.jaun-bergbahnen.ch\/\" target=\"_blank\" rel=\"noreferrer noopener\"><img decoding=\"async\" width=\"268\" height=\"106\" src=\"https:\/\/www.ferienheime-jaun.ch\/wp-content\/uploads\/2022\/07\/bergbahnen_jaun-gastlosen.png\" alt=\"\" class=\"wp-image-615\"\/><\/a><figcaption class=\"wp-element-caption\"><a href=\"https:\/\/fr.jaun-bergbahnen.ch\/\" target=\"_blank\" rel=\"noreferrer noopener\">https:\/\/fr.jaun-bergbahnen.ch\/<\/a><\/figcaption><\/figure>\n<\/div><\/div>\n\n\n\n<div class=\"wp-block-column is-layout-flow wp-block-column-is-layout-flow\">\n<p>Le Gastlosen-Express, le nouveau t\u00e9l\u00e9si\u00e8ge \u00e0 Jaun, vous amm\u00e8ne \u00e0 1500 m.s.m. au centre d&#8217;une magnifique r\u00e9gion de randonn\u00e9es vari\u00e9es.<\/p>\n\n\n\n<p>Pour l&#8217;acc\u00e8s au t\u00e9l\u00e9si\u00e8ge <a href=\"https:\/\/fr.jaun-bergbahnen.ch\/\" target=\"_blank\" rel=\"noreferrer noopener\">Gastlosen-Express<\/a>&#8230;<\/p>\n<\/div>\n\n\n\n<div class=\"wp-block-column is-layout-flow wp-block-column-is-layout-flow\">\n<figure class=\"wp-block-image size-full\"><a href=\"https:\/\/fr.jaun-bergbahnen.ch\/\" target=\"_blank\" rel=\"noreferrer noopener\"><img loading=\"lazy\" decoding=\"async\" width=\"1920\" height=\"1080\" src=\"https:\/\/www.ferienheime-jaun.ch\/wp-content\/uploads\/2022\/07\/bergbahnen_jaun-gastlosen_1.jpg\" alt=\"\" class=\"wp-image-613\" srcset=\"https:\/\/www.ferienheime-jaun.ch\/fr\/wp-content\/uploads\/2022\/07\/bergbahnen_jaun-gastlosen_1.jpg 1920w, https:\/\/www.ferienheime-jaun.ch\/fr\/wp-content\/uploads\/2022\/07\/bergbahnen_jaun-gastlosen_1-600x338.jpg 600w, https:\/\/www.ferienheime-jaun.ch\/fr\/wp-content\/uploads\/2022\/07\/bergbahnen_jaun-gastlosen_1-768x432.jpg 768w, https:\/\/www.ferienheime-jaun.ch\/fr\/wp-content\/uploads\/2022\/07\/bergbahnen_jaun-gastlosen_1-1536x864.jpg 1536w\" sizes=\"(max-width: 1920px) 100vw, 1920px\" \/><\/a><\/figure>\n<\/div>\n<\/div>\n","protected":false},"excerpt":{"rendered":"<p>Carte d&#8217;\u00e9t\u00e9, installations et offres Le Gastlosen-Express, le nouveau t\u00e9l\u00e9si\u00e8ge \u00e0 Jaun, vous amm\u00e8ne \u00e0 1500 m.s.m. au centre d&#8217;une magnifique r\u00e9gion de randonn\u00e9es vari\u00e9es. Pour l&#8217;acc\u00e8s au t\u00e9l\u00e9si\u00e8ge Gastlosen-Express&#8230;<\/p>\n","protected":false},"author":1,"featured_media":0,"parent":0,"menu_order":400,"comment_status":"closed","ping_status":"closed","template":"","meta":{"footnotes":""},"class_list":["post-43","page","type-page","status-publish","hentry"],"featured_image_src":null,"_links":{"self":[{"href":"https:\/\/www.ferienheime-jaun.ch\/fr\/index.php?rest_route=\/wp\/v2\/pages\/43","targetHints":{"allow":["GET"]}}],"collection":[{"href":"https:\/\/www.ferienheime-jaun.ch\/fr\/index.php?rest_route=\/wp\/v2\/pages"}],"about":[{"href":"https:\/\/www.ferienheime-jaun.ch\/fr\/index.php?rest_route=\/wp\/v2\/types\/page"}],"author":[{"embeddable":true,"href":"https:\/\/www.ferienheime-jaun.ch\/fr\/index.php?rest_route=\/wp\/v2\/users\/1"}],"replies":[{"embeddable":true,"href":"https:\/\/www.ferienheime-jaun.ch\/fr\/index.php?rest_route=%2Fwp%2Fv2%2Fcomments&post=43"}],"version-history":[{"count":0,"href":"https:\/\/www.ferienheime-jaun.ch\/fr\/index.php?rest_route=\/wp\/v2\/pages\/43\/revisions"}],"wp:attachment":[{"href":"https:\/\/www.ferienheime-jaun.ch\/fr\/index.php?rest_route=%2Fwp%2Fv2%2Fmedia&parent=43"}],"curies":[{"name":"wp","href":"https:\/\/api.w.org\/{rel}","templated":true}]}}