{"id":45,"date":"2022-06-15T17:12:10","date_gmt":"2022-06-15T15:12:10","guid":{"rendered":"https:\/\/www.ferienheime-jaun.ch\/?page_id=45"},"modified":"2023-07-02T15:28:55","modified_gmt":"2023-07-02T13:28:55","slug":"jaun-und-umgebung-im-winter","status":"publish","type":"page","link":"https:\/\/www.ferienheime-jaun.ch\/fr\/?page_id=45","title":{"rendered":"Jaun et son environnement en hiver"},"content":{"rendered":"\n<div class=\"wp-block-columns is-layout-flex wp-container-core-columns-is-layout-9d6595d7 wp-block-columns-is-layout-flex\">\n<div class=\"wp-block-column is-layout-flow wp-block-column-is-layout-flow\">\n<figure class=\"wp-block-image size-full\"><img fetchpriority=\"high\" decoding=\"async\" width=\"600\" height=\"362\" src=\"https:\/\/www.ferienheime-jaun.ch\/wp-content\/uploads\/2023\/02\/Winterbild.jpg\" alt=\"\" class=\"wp-image-932\"\/><\/figure>\n<\/div>\n\n\n\n<div class=\"wp-block-column is-layout-flow wp-block-column-is-layout-flow\">\n<p class=\"has-text-align-center has-medium-font-size\">Carte d&#8217;hiver, installations et offres<\/p>\n<\/div>\n\n\n\n<div class=\"wp-block-column is-layout-flow wp-block-column-is-layout-flow\">\n<figure class=\"wp-block-image size-full\"><a href=\"https:\/\/www.ferienheime-jaun.ch\/wp-content\/uploads\/2023\/02\/Ferienheime-Jaun_Winterkarte.pdf\" target=\"_blank\" rel=\"noreferrer noopener\"><img decoding=\"async\" width=\"629\" height=\"454\" src=\"https:\/\/www.ferienheime-jaun.ch\/wp-content\/uploads\/2023\/02\/Jaun_Winterkarte.jpg\" alt=\"\" class=\"wp-image-930\" srcset=\"https:\/\/www.ferienheime-jaun.ch\/fr\/wp-content\/uploads\/2023\/02\/Jaun_Winterkarte.jpg 629w, https:\/\/www.ferienheime-jaun.ch\/fr\/wp-content\/uploads\/2023\/02\/Jaun_Winterkarte-600x433.jpg 600w\" sizes=\"(max-width: 629px) 100vw, 629px\" \/><\/a><\/figure>\n<\/div>\n<\/div>\n\n\n\n<div class=\"wp-block-columns is-layout-flex wp-container-core-columns-is-layout-9d6595d7 wp-block-columns-is-layout-flex\">\n<div class=\"wp-block-column is-layout-flow wp-block-column-is-layout-flow\"><div class=\"wp-block-image\">\n<figure class=\"aligncenter size-full\"><img decoding=\"async\" width=\"268\" height=\"106\" src=\"https:\/\/www.ferienheime-jaun.ch\/wp-content\/uploads\/2022\/07\/bergbahnen_jaun-gastlosen.png\" alt=\"\" class=\"wp-image-615\"\/><figcaption class=\"wp-element-caption\"><a href=\"https:\/\/fr.jaun-bergbahnen.ch\/\" target=\"_blank\" rel=\"noreferrer noopener\">https:\/\/fr.jaun-bergbahnen.ch\/<\/a><\/figcaption><\/figure>\n<\/div><\/div>\n\n\n\n<div class=\"wp-block-column is-layout-flow wp-block-column-is-layout-flow\">\n<p>A ski, en snowboard, en luge ou en raquettes, le Gastlosen-Express vous am\u00e8ne dans un monde hivernal merveilleux. Profitez des descentes sur des pistes et des sentiers parfaitement pr\u00e9par\u00e9s, pour tous les niveaux, petits et grands.<\/p>\n<\/div>\n\n\n\n<div class=\"wp-block-column is-layout-flow wp-block-column-is-layout-flow\">\n<figure class=\"wp-block-image size-full\"><a href=\"https:\/\/fr.jaun-bergbahnen.ch\/\" target=\"_blank\" rel=\"noreferrer noopener\"><img loading=\"lazy\" decoding=\"async\" width=\"600\" height=\"400\" src=\"https:\/\/www.ferienheime-jaun.ch\/wp-content\/uploads\/2023\/03\/jaun-bergbahnen_winterpisten.jpg\" alt=\"\" class=\"wp-image-1054\"\/><\/a><\/figure>\n<\/div>\n<\/div>\n\n\n\n<div class=\"wp-block-columns is-layout-flex wp-container-core-columns-is-layout-9d6595d7 wp-block-columns-is-layout-flex\">\n<div class=\"wp-block-column is-layout-flow wp-block-column-is-layout-flow\">\n<figure class=\"wp-block-image size-full\"><a href=\"https:\/\/www.ferienheime-jaun.ch\/wp-content\/uploads\/2023\/01\/Bild_7.jpg\" target=\"_blank\" rel=\"noreferrer noopener\"><img loading=\"lazy\" decoding=\"async\" width=\"1920\" height=\"1280\" src=\"https:\/\/www.ferienheime-jaun.ch\/wp-content\/uploads\/2023\/01\/Bild_7.jpg\" alt=\"\" class=\"wp-image-911\" srcset=\"https:\/\/www.ferienheime-jaun.ch\/fr\/wp-content\/uploads\/2023\/01\/Bild_7.jpg 1920w, https:\/\/www.ferienheime-jaun.ch\/fr\/wp-content\/uploads\/2023\/01\/Bild_7-600x400.jpg 600w, https:\/\/www.ferienheime-jaun.ch\/fr\/wp-content\/uploads\/2023\/01\/Bild_7-768x512.jpg 768w, https:\/\/www.ferienheime-jaun.ch\/fr\/wp-content\/uploads\/2023\/01\/Bild_7-1536x1024.jpg 1536w\" sizes=\"(max-width: 1920px) 100vw, 1920px\" \/><\/a><figcaption class=\"wp-element-caption\">Colonie Gastlosen<\/figcaption><\/figure>\n<\/div>\n\n\n\n<div class=\"wp-block-column is-layout-flow wp-block-column-is-layout-flow\">\n<figure class=\"wp-block-image size-full\"><a href=\"https:\/\/www.ferienheime-jaun.ch\/wp-content\/uploads\/2023\/01\/Bild_6.jpg\" target=\"_blank\" rel=\"noreferrer noopener\"><img loading=\"lazy\" decoding=\"async\" width=\"1920\" height=\"1270\" src=\"https:\/\/www.ferienheime-jaun.ch\/wp-content\/uploads\/2023\/01\/Bild_6.jpg\" alt=\"\" class=\"wp-image-905\" srcset=\"https:\/\/www.ferienheime-jaun.ch\/fr\/wp-content\/uploads\/2023\/01\/Bild_6.jpg 1920w, https:\/\/www.ferienheime-jaun.ch\/fr\/wp-content\/uploads\/2023\/01\/Bild_6-600x397.jpg 600w, https:\/\/www.ferienheime-jaun.ch\/fr\/wp-content\/uploads\/2023\/01\/Bild_6-768x508.jpg 768w, https:\/\/www.ferienheime-jaun.ch\/fr\/wp-content\/uploads\/2023\/01\/Bild_6-1536x1016.jpg 1536w\" sizes=\"(max-width: 1920px) 100vw, 1920px\" \/><\/a><figcaption class=\"wp-element-caption\">Chalet K\u00f6rblifluh<\/figcaption><\/figure>\n<\/div>\n\n\n\n<div class=\"wp-block-column is-layout-flow wp-block-column-is-layout-flow\">\n<figure class=\"wp-block-image size-full\"><a href=\"https:\/\/www.ferienheime-jaun.ch\/wp-content\/uploads\/2023\/01\/Bild_8.jpg\" target=\"_blank\" rel=\"noreferrer noopener\"><img loading=\"lazy\" decoding=\"async\" width=\"1920\" height=\"1280\" src=\"https:\/\/www.ferienheime-jaun.ch\/wp-content\/uploads\/2023\/01\/Bild_8.jpg\" alt=\"\" class=\"wp-image-910\" srcset=\"https:\/\/www.ferienheime-jaun.ch\/fr\/wp-content\/uploads\/2023\/01\/Bild_8.jpg 1920w, https:\/\/www.ferienheime-jaun.ch\/fr\/wp-content\/uploads\/2023\/01\/Bild_8-600x400.jpg 600w, https:\/\/www.ferienheime-jaun.ch\/fr\/wp-content\/uploads\/2023\/01\/Bild_8-768x512.jpg 768w, https:\/\/www.ferienheime-jaun.ch\/fr\/wp-content\/uploads\/2023\/01\/Bild_8-1536x1024.jpg 1536w\" sizes=\"(max-width: 1920px) 100vw, 1920px\" \/><\/a><figcaption class=\"wp-element-caption\">Pistes de skis devant les colonies<\/figcaption><\/figure>\n<\/div>\n<\/div>\n","protected":false},"excerpt":{"rendered":"<p>Carte d&#8217;hiver, installations et offres A ski, en snowboard, en luge ou en raquettes, le Gastlosen-Express vous am\u00e8ne dans un monde hivernal merveilleux. Profitez des descentes sur des pistes et des sentiers parfaitement pr\u00e9par\u00e9s, pour tous les niveaux, petits et grands.<\/p>\n","protected":false},"author":1,"featured_media":0,"parent":0,"menu_order":500,"comment_status":"closed","ping_status":"closed","template":"","meta":{"footnotes":""},"class_list":["post-45","page","type-page","status-publish","hentry"],"featured_image_src":null,"_links":{"self":[{"href":"https:\/\/www.ferienheime-jaun.ch\/fr\/index.php?rest_route=\/wp\/v2\/pages\/45","targetHints":{"allow":["GET"]}}],"collection":[{"href":"https:\/\/www.ferienheime-jaun.ch\/fr\/index.php?rest_route=\/wp\/v2\/pages"}],"about":[{"href":"https:\/\/www.ferienheime-jaun.ch\/fr\/index.php?rest_route=\/wp\/v2\/types\/page"}],"author":[{"embeddable":true,"href":"https:\/\/www.ferienheime-jaun.ch\/fr\/index.php?rest_route=\/wp\/v2\/users\/1"}],"replies":[{"embeddable":true,"href":"https:\/\/www.ferienheime-jaun.ch\/fr\/index.php?rest_route=%2Fwp%2Fv2%2Fcomments&post=45"}],"version-history":[{"count":0,"href":"https:\/\/www.ferienheime-jaun.ch\/fr\/index.php?rest_route=\/wp\/v2\/pages\/45\/revisions"}],"wp:attachment":[{"href":"https:\/\/www.ferienheime-jaun.ch\/fr\/index.php?rest_route=%2Fwp%2Fv2%2Fmedia&parent=45"}],"curies":[{"name":"wp","href":"https:\/\/api.w.org\/{rel}","templated":true}]}}